{"id":2482,"date":"2026-04-21T16:52:11","date_gmt":"2026-04-21T16:52:11","guid":{"rendered":"https:\/\/kona-tec.com\/?page_id=2482"},"modified":"2026-04-21T18:39:57","modified_gmt":"2026-04-21T18:39:57","slug":"modelo-de-prevencion-del-delito","status":"publish","type":"page","link":"https:\/\/kona-tec.com\/en\/modelo-de-prevencion-del-delito\/","title":{"rendered":"Modelo de prevenci\u00f3n del delito"},"content":{"rendered":"<div data-elementor-type=\"wp-page\" data-elementor-id=\"2482\" class=\"elementor elementor-2482\" data-elementor-post-type=\"page\">\n\t\t\t\t<div class=\"elementor-element elementor-element-6539b95e e-flex e-con-boxed e-con e-parent\" data-id=\"6539b95e\" data-element_type=\"container\">\n\t\t\t\t\t<div class=\"e-con-inner\">\n\t\t<div class=\"elementor-element elementor-element-717302d e-con-full e-flex e-con e-child\" data-id=\"717302d\" data-element_type=\"container\">\n\t\t\t\t<div class=\"elementor-element elementor-element-ce4e41f elementor-widget elementor-widget-spacer\" data-id=\"ce4e41f\" data-element_type=\"widget\" data-widget_type=\"spacer.default\">\n\t\t\t\t\t\t\t<div class=\"elementor-spacer\">\n\t\t\t<div class=\"elementor-spacer-inner\"><\/div>\n\t\t<\/div>\n\t\t\t\t\t\t<\/div>\n\t\t\t\t<div class=\"elementor-element elementor-element-327f484 elementor-widget__width-initial elementor-widget elementor-widget-heading\" data-id=\"327f484\" data-element_type=\"widget\" data-widget_type=\"heading.default\">\n\t\t\t\t\t<h2 class=\"elementor-heading-title elementor-size-default\">Modelo de Prevenci\u00f3n del Delito<\/h2>\t\t\t\t<\/div>\n\t\t\t\t<\/div>\n\t\t\t\t<div class=\"elementor-element elementor-element-6a471438 elementor-widget__width-inherit elementor-widget elementor-widget-text-editor\" data-id=\"6a471438\" data-element_type=\"widget\" data-widget_type=\"text-editor.default\">\n\t\t\t\t\t\t\t\t\t\n<p>En <strong>Konatec<\/strong>, contamos con un Modelo de Prevenci\u00f3n de Delitos (MPD) que establece las directrices, controles y procedimientos orientados a prevenir la comisi\u00f3n de delitos, conforme a la normativa vigente.<\/p>\n\n<p>El detalle completo de nuestro Modelo de Prevenci\u00f3n de Delitos se encuentra disponible en el siguiente documento:<\/p>\n\n<p><a id=\"https:\/\/kona-tec.com\/wp-content\/uploads\/2026\/04\/Manual-MPD-Konatec.pdf\" href=\"https:\/\/kona-tec.com\/wp-content\/uploads\/2026\/04\/Manual-MPD-Konatec.pdf\" type=\"link\"><strong>Descargar Modelo de Prevenci\u00f3n de Delitos (PDF)<\/strong><br \/><\/a><\/p>\n\n<p>Para reportar cualquier hecho que pueda constituir una infracci\u00f3n al Modelo de Prevenci\u00f3n de Delitos o a la normativa vigente, la empresa ha dispuesto el siguiente canal confidencial:<\/p>\n\n<p>\ud83d\udce7 <strong><a>compliance@kona-tec.com<\/a><\/strong><\/p>\n\n<p>Las denuncias podr\u00e1n realizarse de forma confidencial y ser\u00e1n tratadas conforme a principios de reserva, protecci\u00f3n al denunciante y debida investigaci\u00f3n.<\/p>\n\n<p>La persona responsable de la administraci\u00f3n y supervisi\u00f3n del Modelo de Prevenci\u00f3n de Delitos es:<\/p>\n\n<p><strong>Cynthia Vargas C.<\/strong><\/p>\n\t\t\t\t\t\t\t\t<\/div>\n\t\t\t\t\t<\/div>\n\t\t\t\t<\/div>\n\t\t\t\t<\/div>","protected":false},"excerpt":{"rendered":"<p>Modelo de Prevenci\u00f3n del Delito En Konatec, contamos con un Modelo de Prevenci\u00f3n de Delitos (MPD) que establece las directrices, controles y procedimientos orientados a prevenir la comisi\u00f3n de delitos, conforme a la normativa vigente. El detalle completo de nuestro Modelo de Prevenci\u00f3n de Delitos se encuentra disponible en el siguiente documento: Descargar Modelo de [&hellip;]<\/p>\n","protected":false},"author":4,"featured_media":0,"parent":0,"menu_order":0,"comment_status":"closed","ping_status":"closed","template":"elementor_canvas","meta":{"_joinchat":[],"footnotes":""},"class_list":["post-2482","page","type-page","status-publish","hentry"],"yoast_head":"<!-- This site is optimized with the Yoast SEO plugin v27.0 - https:\/\/yoast.com\/product\/yoast-seo-wordpress\/ -->\n<title>Modelo de prevenci\u00f3n del delito | Konatec<\/title>\n<meta name=\"robots\" content=\"index, follow, max-snippet:-1, max-image-preview:large, max-video-preview:-1\" \/>\n<link rel=\"canonical\" href=\"https:\/\/kona-tec.com\/en\/modelo-de-prevencion-del-delito\/\" \/>\n<meta property=\"og:locale\" content=\"en_US\" \/>\n<meta property=\"og:type\" content=\"article\" \/>\n<meta property=\"og:title\" content=\"Modelo de prevenci\u00f3n del delito | Konatec\" \/>\n<meta property=\"og:description\" content=\"Modelo de Prevenci\u00f3n del Delito En Konatec, contamos con un Modelo de Prevenci\u00f3n de Delitos (MPD) que establece las directrices, controles y procedimientos orientados a prevenir la comisi\u00f3n de delitos, conforme a la normativa vigente. El detalle completo de nuestro Modelo de Prevenci\u00f3n de Delitos se encuentra disponible en el siguiente documento: Descargar Modelo de [&hellip;]\" \/>\n<meta property=\"og:url\" content=\"https:\/\/kona-tec.com\/en\/modelo-de-prevencion-del-delito\/\" \/>\n<meta property=\"og:site_name\" content=\"Konatec\" \/>\n<meta property=\"article:modified_time\" content=\"2026-04-21T18:39:57+00:00\" \/>\n<meta name=\"twitter:card\" content=\"summary_large_image\" \/>\n<meta name=\"twitter:label1\" content=\"Est. reading time\" \/>\n\t<meta name=\"twitter:data1\" content=\"1 minute\" \/>\n<script type=\"application\/ld+json\" class=\"yoast-schema-graph\">{\"@context\":\"https:\/\/schema.org\",\"@graph\":[{\"@type\":\"WebPage\",\"@id\":\"https:\/\/kona-tec.com\/modelo-de-prevencion-del-delito\/\",\"url\":\"https:\/\/kona-tec.com\/modelo-de-prevencion-del-delito\/\",\"name\":\"Modelo de prevenci\u00f3n del delito | Konatec\",\"isPartOf\":{\"@id\":\"https:\/\/kona-tec.com\/#website\"},\"datePublished\":\"2026-04-21T16:52:11+00:00\",\"dateModified\":\"2026-04-21T18:39:57+00:00\",\"breadcrumb\":{\"@id\":\"https:\/\/kona-tec.com\/modelo-de-prevencion-del-delito\/#breadcrumb\"},\"inLanguage\":\"en-US\",\"potentialAction\":[{\"@type\":\"ReadAction\",\"target\":[\"https:\/\/kona-tec.com\/modelo-de-prevencion-del-delito\/\"]}]},{\"@type\":\"BreadcrumbList\",\"@id\":\"https:\/\/kona-tec.com\/modelo-de-prevencion-del-delito\/#breadcrumb\",\"itemListElement\":[{\"@type\":\"ListItem\",\"position\":1,\"name\":\"Portada\",\"item\":\"https:\/\/kona-tec.com\/\"},{\"@type\":\"ListItem\",\"position\":2,\"name\":\"Modelo de prevenci\u00f3n del delito\"}]},{\"@type\":\"WebSite\",\"@id\":\"https:\/\/kona-tec.com\/#website\",\"url\":\"https:\/\/kona-tec.com\/\",\"name\":\"Konatec\",\"description\":\"\",\"publisher\":{\"@id\":\"https:\/\/kona-tec.com\/#organization\"},\"potentialAction\":[{\"@type\":\"SearchAction\",\"target\":{\"@type\":\"EntryPoint\",\"urlTemplate\":\"https:\/\/kona-tec.com\/?s={search_term_string}\"},\"query-input\":{\"@type\":\"PropertyValueSpecification\",\"valueRequired\":true,\"valueName\":\"search_term_string\"}}],\"inLanguage\":\"en-US\"},{\"@type\":\"Organization\",\"@id\":\"https:\/\/kona-tec.com\/#organization\",\"name\":\"Konatec\",\"url\":\"https:\/\/kona-tec.com\/\",\"logo\":{\"@type\":\"ImageObject\",\"inLanguage\":\"en-US\",\"@id\":\"https:\/\/kona-tec.com\/#\/schema\/logo\/image\/\",\"url\":\"https:\/\/kona-tec.com\/wp-content\/uploads\/2026\/02\/konatec-logo.png\",\"contentUrl\":\"https:\/\/kona-tec.com\/wp-content\/uploads\/2026\/02\/konatec-logo.png\",\"width\":240,\"height\":57,\"caption\":\"Konatec\"},\"image\":{\"@id\":\"https:\/\/kona-tec.com\/#\/schema\/logo\/image\/\"}}]}<\/script>\n<!-- \/ Yoast SEO plugin. -->","yoast_head_json":{"title":"Modelo de prevenci\u00f3n del delito | Konatec","robots":{"index":"index","follow":"follow","max-snippet":"max-snippet:-1","max-image-preview":"max-image-preview:large","max-video-preview":"max-video-preview:-1"},"canonical":"https:\/\/kona-tec.com\/en\/modelo-de-prevencion-del-delito\/","og_locale":"en_US","og_type":"article","og_title":"Modelo de prevenci\u00f3n del delito | Konatec","og_description":"Modelo de Prevenci\u00f3n del Delito En Konatec, contamos con un Modelo de Prevenci\u00f3n de Delitos (MPD) que establece las directrices, controles y procedimientos orientados a prevenir la comisi\u00f3n de delitos, conforme a la normativa vigente. El detalle completo de nuestro Modelo de Prevenci\u00f3n de Delitos se encuentra disponible en el siguiente documento: Descargar Modelo de [&hellip;]","og_url":"https:\/\/kona-tec.com\/en\/modelo-de-prevencion-del-delito\/","og_site_name":"Konatec","article_modified_time":"2026-04-21T18:39:57+00:00","twitter_card":"summary_large_image","twitter_misc":{"Est. reading time":"1 minute"},"schema":{"@context":"https:\/\/schema.org","@graph":[{"@type":"WebPage","@id":"https:\/\/kona-tec.com\/modelo-de-prevencion-del-delito\/","url":"https:\/\/kona-tec.com\/modelo-de-prevencion-del-delito\/","name":"Modelo de prevenci\u00f3n del delito | Konatec","isPartOf":{"@id":"https:\/\/kona-tec.com\/#website"},"datePublished":"2026-04-21T16:52:11+00:00","dateModified":"2026-04-21T18:39:57+00:00","breadcrumb":{"@id":"https:\/\/kona-tec.com\/modelo-de-prevencion-del-delito\/#breadcrumb"},"inLanguage":"en-US","potentialAction":[{"@type":"ReadAction","target":["https:\/\/kona-tec.com\/modelo-de-prevencion-del-delito\/"]}]},{"@type":"BreadcrumbList","@id":"https:\/\/kona-tec.com\/modelo-de-prevencion-del-delito\/#breadcrumb","itemListElement":[{"@type":"ListItem","position":1,"name":"Portada","item":"https:\/\/kona-tec.com\/"},{"@type":"ListItem","position":2,"name":"Modelo de prevenci\u00f3n del delito"}]},{"@type":"WebSite","@id":"https:\/\/kona-tec.com\/#website","url":"https:\/\/kona-tec.com\/","name":"Konatec","description":"","publisher":{"@id":"https:\/\/kona-tec.com\/#organization"},"potentialAction":[{"@type":"SearchAction","target":{"@type":"EntryPoint","urlTemplate":"https:\/\/kona-tec.com\/?s={search_term_string}"},"query-input":{"@type":"PropertyValueSpecification","valueRequired":true,"valueName":"search_term_string"}}],"inLanguage":"en-US"},{"@type":"Organization","@id":"https:\/\/kona-tec.com\/#organization","name":"Konatec","url":"https:\/\/kona-tec.com\/","logo":{"@type":"ImageObject","inLanguage":"en-US","@id":"https:\/\/kona-tec.com\/#\/schema\/logo\/image\/","url":"https:\/\/kona-tec.com\/wp-content\/uploads\/2026\/02\/konatec-logo.png","contentUrl":"https:\/\/kona-tec.com\/wp-content\/uploads\/2026\/02\/konatec-logo.png","width":240,"height":57,"caption":"Konatec"},"image":{"@id":"https:\/\/kona-tec.com\/#\/schema\/logo\/image\/"}}]}},"_links":{"self":[{"href":"https:\/\/kona-tec.com\/en\/wp-json\/wp\/v2\/pages\/2482","targetHints":{"allow":["GET"]}}],"collection":[{"href":"https:\/\/kona-tec.com\/en\/wp-json\/wp\/v2\/pages"}],"about":[{"href":"https:\/\/kona-tec.com\/en\/wp-json\/wp\/v2\/types\/page"}],"author":[{"embeddable":true,"href":"https:\/\/kona-tec.com\/en\/wp-json\/wp\/v2\/users\/4"}],"replies":[{"embeddable":true,"href":"https:\/\/kona-tec.com\/en\/wp-json\/wp\/v2\/comments?post=2482"}],"version-history":[{"count":7,"href":"https:\/\/kona-tec.com\/en\/wp-json\/wp\/v2\/pages\/2482\/revisions"}],"predecessor-version":[{"id":2510,"href":"https:\/\/kona-tec.com\/en\/wp-json\/wp\/v2\/pages\/2482\/revisions\/2510"}],"wp:attachment":[{"href":"https:\/\/kona-tec.com\/en\/wp-json\/wp\/v2\/media?parent=2482"}],"curies":[{"name":"wp","href":"https:\/\/api.w.org\/{rel}","templated":true}]}}